{"id":3,"date":"2022-01-19T18:34:03","date_gmt":"2022-01-19T18:34:03","guid":{"rendered":"http:\/\/box2054\/cgi\/addon_GT.cgi?s=GT::WP::Install::EIG+%28pandelat%29+-+10.24.48.85+%5BWordpress%3b+\/var\/hp\/common\/lib\/Wordpress.pm%3b+543%3b+Hosting::gap_call%5D\/?page_id=3"},"modified":"2022-04-01T10:27:13","modified_gmt":"2022-04-01T10:27:13","slug":"politica-de-privacidad","status":"publish","type":"page","link":"https:\/\/pandelata.com\/en\/politica-de-privacidad\/","title":{"rendered":"Pol\u00edtica de Privacidad"},"content":{"rendered":"<div data-elementor-type=\"wp-page\" data-elementor-id=\"3\" class=\"elementor elementor-3\">\n\t\t\t\t\t\t<section class=\"elementor-section elementor-top-section elementor-element elementor-element-3a5a85e9 elementor-section-boxed elementor-section-height-default elementor-section-height-default\" data-id=\"3a5a85e9\" data-element_type=\"section\" data-e-type=\"section\">\n\t\t\t\t\t\t<div class=\"elementor-container elementor-column-gap-default\">\n\t\t\t\t\t<div class=\"elementor-column elementor-col-100 elementor-top-column elementor-element elementor-element-615a215a\" data-id=\"615a215a\" data-element_type=\"column\" data-e-type=\"column\">\n\t\t\t<div class=\"elementor-widget-wrap elementor-element-populated\">\n\t\t\t\t\t\t<div class=\"elementor-element elementor-element-9367fc0 elementor-widget elementor-widget-heading\" data-id=\"9367fc0\" data-element_type=\"widget\" data-e-type=\"widget\" data-widget_type=\"heading.default\">\n\t\t\t\t<div class=\"elementor-widget-container\">\n\t\t\t\t\t<h2 class=\"elementor-heading-title elementor-size-default\">1. INFORMACI\u00d3N AL USUARIO<\/h2>\t\t\t\t<\/div>\n\t\t\t\t<\/div>\n\t\t\t\t<div class=\"elementor-element elementor-element-0151c60 elementor-widget elementor-widget-text-editor\" data-id=\"0151c60\" data-element_type=\"widget\" data-e-type=\"widget\" data-widget_type=\"text-editor.default\">\n\t\t\t\t<div class=\"elementor-widget-container\">\n\t\t\t\t\t\t\t\t\t<p><b>Nuestra direcci\u00f3n web es<\/b>: https:\/\/pandelata.com<\/p>\n<p><b>Pan DE LATA<\/b>, como Responsable del Tratamiento, le informa que, seg\u00fan lo dispuesto en el Reglamento (UE) 2016\/679, de 27 de abril, (RGPD) y en la L.O. 3\/2018, de 5 de diciembre, de protecci\u00f3n de datos y garant\u00eda de los derechos digitales (LOPDGDD), trataremos sus datos tal y como reflejamos en la presente Pol\u00edtica de Privacidad.<\/p>\n<p>En esta Pol\u00edtica de Privacidad describimos c\u00f3mo recogemos sus datos personales y por qu\u00e9 los recogemos, qu\u00e9 hacemos con ellos, con qui\u00e9n los compartimos, c\u00f3mo los protegemos y sus opciones en cuanto al tratamiento de sus datos personales. Esta Pol\u00edtica se aplica al tratamiento de sus datos personales recogidos por la empresa para la prestaci\u00f3n de sus servicios. Si acepta las medidas de esta Pol\u00edtica, acepta que tratemos sus datos personales como se define en esta Pol\u00edtica.<\/p>\t\t\t\t\t\t\t\t<\/div>\n\t\t\t\t<\/div>\n\t\t\t\t<div class=\"elementor-element elementor-element-2ee5427 elementor-widget elementor-widget-heading\" data-id=\"2ee5427\" data-element_type=\"widget\" data-e-type=\"widget\" data-widget_type=\"heading.default\">\n\t\t\t\t<div class=\"elementor-widget-container\">\n\t\t\t\t\t<h2 class=\"elementor-heading-title elementor-size-default\">2. CONTACTO<\/h2>\t\t\t\t<\/div>\n\t\t\t\t<\/div>\n\t\t\t\t<div class=\"elementor-element elementor-element-10aee73 elementor-widget elementor-widget-text-editor\" data-id=\"10aee73\" data-element_type=\"widget\" data-e-type=\"widget\" data-widget_type=\"text-editor.default\">\n\t\t\t\t<div class=\"elementor-widget-container\">\n\t\t\t\t\t\t\t\t\t<p>Denominaci\u00f3n social:&nbsp;<b>Pan DE LATA<\/b><br>Nombre comercial:&nbsp;<b>Pan DE LATA<\/b><br>Domicilio: <b>C. San Agust\u00edn, 58, 38201, San Crist\u00f3bal de La Laguna, Santa Cruz de Tenerife<\/b><br>e-mail: <b>pandelatalaguna@gmail.com<\/b><\/p>\t\t\t\t\t\t\t\t<\/div>\n\t\t\t\t<\/div>\n\t\t\t\t<div class=\"elementor-element elementor-element-0553c57 elementor-widget elementor-widget-heading\" data-id=\"0553c57\" data-element_type=\"widget\" data-e-type=\"widget\" data-widget_type=\"heading.default\">\n\t\t\t\t<div class=\"elementor-widget-container\">\n\t\t\t\t\t<h2 class=\"elementor-heading-title elementor-size-default\">3. PRINCIPIOS CLAVE<\/h2>\t\t\t\t<\/div>\n\t\t\t\t<\/div>\n\t\t\t\t<div class=\"elementor-element elementor-element-55bae14 elementor-widget elementor-widget-text-editor\" data-id=\"55bae14\" data-element_type=\"widget\" data-e-type=\"widget\" data-widget_type=\"text-editor.default\">\n\t\t\t\t<div class=\"elementor-widget-container\">\n\t\t\t\t\t\t\t\t\t<p style=\"margin: 0cm 0cm 19.2pt; background-image: initial; background-position: initial; background-size: initial; background-repeat: initial; background-attachment: initial; background-origin: initial; background-clip: initial; vertical-align: baseline;\">Siempre hemos estado comprometidos con prestar nuestros servicios con el m\u00e1s alto grado de calidad, lo que incluye tratar sus datos con seguridad y transparencia. Nuestros principios son:<\/p>\n<ul>\n<li><b style=\"color: var( --e-global-color-text ); word-spacing: normal;\">Legalidad<\/b><span style=\"color: var( --e-global-color-text ); word-spacing: normal;\">: Solo recopilaremos sus Datos personales para fines espec\u00edficos, expl\u00edcitos y leg\u00edtimos.<\/span><\/li>\n<li><b>Minimizaci\u00f3n de datos<\/b>: Limitamos la recogida de datos de car\u00e1cter personal a lo que es estrictamente relevante y necesario para los fines para los que se han recopilado.<\/li>\n<li><b>Limitaci\u00f3n de la Finalidad<\/b>: \u00danicamente recogeremos sus datos personales para los fines declarados y solo seg\u00fan sus deseos.<\/li>\n<li><b>Precisi\u00f3n<\/b>: Mantendremos sus datos personales exactos y actualizados.<\/li>\n<li><b>Seguridad de los Datos<\/b>: Aplicamos las medidas t\u00e9cnicas y organizativas adecuadas y proporcionales a los riesgos para garantizar que sus datos no sufran da\u00f1os, tales como divulgaci\u00f3n o acceso no autorizado, la destrucci\u00f3n accidental o il\u00edcita o su p\u00e9rdida accidental o alteraci\u00f3n y cualquier otra forma de tratamiento il\u00edcito.<\/li>\n<li><b>Acceso y Rectificaci\u00f3n<\/b>: Disponemos de medios para que acceda o rectifique sus datos cuando lo considere oportuno.<\/li>\n<li><b>Conservaci\u00f3n<\/b>: Conservamos sus datos personales de manera legal y apropiada y solo mientras es necesario para los fines para los que se han recopilado.<\/li>\n<li><b>Las transferencias internacionales<\/b>: cuando se d\u00e9 el caso de que sus datos vayan a ser transferidos fuera de la UE\/EEE se proteger\u00e1n adecuadamente.<\/li>\n<li><b>Terceros<\/b>: El acceso y transferencia de datos personales a terceros se llevan a cabo de acuerdo con las leyes y reglamentos aplicables y con las garant\u00edas contractuales adecuadas.<\/li>\n<li><b>Marketing Directo y cookie<\/b>s: Cumplimos con la legislaci\u00f3n aplicable en materia de publicidad y cookies.<\/li>\n<\/ul>\t\t\t\t\t\t\t\t<\/div>\n\t\t\t\t<\/div>\n\t\t\t\t<div class=\"elementor-element elementor-element-ddc7b2c elementor-widget elementor-widget-heading\" data-id=\"ddc7b2c\" data-element_type=\"widget\" data-e-type=\"widget\" data-widget_type=\"heading.default\">\n\t\t\t\t<div class=\"elementor-widget-container\">\n\t\t\t\t\t<h2 class=\"elementor-heading-title elementor-size-default\">4. RECOGIDA Y TRATAMIENTO DE SUS DATOS PERSONALES<\/h2>\t\t\t\t<\/div>\n\t\t\t\t<\/div>\n\t\t\t\t<div class=\"elementor-element elementor-element-78406da elementor-widget elementor-widget-text-editor\" data-id=\"78406da\" data-element_type=\"widget\" data-e-type=\"widget\" data-widget_type=\"text-editor.default\">\n\t\t\t\t<div class=\"elementor-widget-container\">\n\t\t\t\t\t\t\t\t\t<p>Los tipos de datos que se pueden solicitar y tratar son:<\/p>\n<ul>\n<li><span style=\"color: var( --e-global-color-text ); font-family: var( --e-global-typography-text-font-family ), Sans-serif; font-weight: var( --e-global-typography-text-font-weight ); word-spacing: normal;\">Datos de car\u00e1cter identificativo.<\/span><\/li>\n<\/ul>\n<p>Tambi\u00e9n recogemos de forma autom\u00e1tica datos sobre su visita a nuestro sitio web, seg\u00fan se describe en la pol\u00edtica de cookies.<\/p>\n<p>Siempre que solicitemos sus Datos personales, le informaremos con claridad de qu\u00e9 datos personales recogemos y con qu\u00e9 fin. En general, recogemos y tratamos sus datos personales con el prop\u00f3sito de:<\/p>\n<ul>\n<li>Proporcionar informaci\u00f3n, servicios, productos, informaci\u00f3n relevante y novedades en el sector.<\/li>\n<li>Env\u00edo de comunicaciones.<\/li>\n<\/ul>\t\t\t\t\t\t\t\t<\/div>\n\t\t\t\t<\/div>\n\t\t\t\t<div class=\"elementor-element elementor-element-8be7239 elementor-widget elementor-widget-heading\" data-id=\"8be7239\" data-element_type=\"widget\" data-e-type=\"widget\" data-widget_type=\"heading.default\">\n\t\t\t\t<div class=\"elementor-widget-container\">\n\t\t\t\t\t<h2 class=\"elementor-heading-title elementor-size-default\">5. LEGITIMIDAD<\/h2>\t\t\t\t<\/div>\n\t\t\t\t<\/div>\n\t\t\t\t<div class=\"elementor-element elementor-element-0d70ee2 elementor-widget elementor-widget-text-editor\" data-id=\"0d70ee2\" data-element_type=\"widget\" data-e-type=\"widget\" data-widget_type=\"text-editor.default\">\n\t\t\t\t<div class=\"elementor-widget-container\">\n\t\t\t\t\t\t\t\t\t<p>De acuerdo con la normativa de protecci\u00f3n de datos aplicable, sus datos personales podr\u00e1n tratarse siempre que:<\/p>\n<ul>\n<li>Nos ha dado su consentimiento a los efectos del tratamiento. Por supuesto podr\u00e1 retirar su consentimiento en cualquier momento.<\/li>\n<li>Por requerimiento legal.<\/li>\n<li>Exisitir un inter\u00e9s leg\u00edtimo que no se vea menoscabado por sus derechos de privacidad, como por ejemplo el env\u00edo de informaci\u00f3n comercial bien por suscripci\u00f3n a nuestra newsletter o por su condici\u00f3n de cliente.<\/li>\n<li>Ser necesaria para la prestaci\u00f3n de alguno de nuestros servicios mediante relaci\u00f3n contractual entre usted y nosotros.<\/li>\n<\/ul>\t\t\t\t\t\t\t\t<\/div>\n\t\t\t\t<\/div>\n\t\t\t\t<div class=\"elementor-element elementor-element-3680fd5 elementor-widget elementor-widget-heading\" data-id=\"3680fd5\" data-element_type=\"widget\" data-e-type=\"widget\" data-widget_type=\"heading.default\">\n\t\t\t\t<div class=\"elementor-widget-container\">\n\t\t\t\t\t<h2 class=\"elementor-heading-title elementor-size-default\">6. COMUNICACI\u00d3N DE DATOS PERSONALES<\/h2>\t\t\t\t<\/div>\n\t\t\t\t<\/div>\n\t\t\t\t<div class=\"elementor-element elementor-element-7eee2aa elementor-widget elementor-widget-text-editor\" data-id=\"7eee2aa\" data-element_type=\"widget\" data-e-type=\"widget\" data-widget_type=\"text-editor.default\">\n\t\t\t\t<div class=\"elementor-widget-container\">\n\t\t\t\t\t\t\t\t\t<p>Los datos pueden ser comunicados a empresas relacionadas con <strong>Pan DE LATA<\/strong>\u00a0para la prestaci\u00f3n de los diversos servicios en calidad de Encargados del Tratamiento. La empresa no realizar\u00e1 ninguna cesi\u00f3n, salvo por obligaci\u00f3n legal.<\/p>\t\t\t\t\t\t\t\t<\/div>\n\t\t\t\t<\/div>\n\t\t\t\t<div class=\"elementor-element elementor-element-2bcc685 elementor-widget elementor-widget-heading\" data-id=\"2bcc685\" data-element_type=\"widget\" data-e-type=\"widget\" data-widget_type=\"heading.default\">\n\t\t\t\t<div class=\"elementor-widget-container\">\n\t\t\t\t\t<h2 class=\"elementor-heading-title elementor-size-default\">7. SUS DERECHOS<\/h2>\t\t\t\t<\/div>\n\t\t\t\t<\/div>\n\t\t\t\t<div class=\"elementor-element elementor-element-e92f085 elementor-widget elementor-widget-text-editor\" data-id=\"e92f085\" data-element_type=\"widget\" data-e-type=\"widget\" data-widget_type=\"text-editor.default\">\n\t\t\t\t<div class=\"elementor-widget-container\">\n\t\t\t\t\t\t\t\t\t<p>En relaci\u00f3n con la recogida y tratamiento de sus datos personales, puede ponerse en contacto con nosotros en cualquier momento para:<\/p><ul><li>Acceder a sus datos personales y a cualquier otra informaci\u00f3n indicada en el Art\u00edculo 15.1 del RGPD.<\/li><li>Rectificar sus datos personales que sean inexactos o est\u00e9n incompletos de acuerdo con el Art\u00edculo 16 del RGPD.<\/li><li>Suprimir sus datos personales de acuerdo con el Art\u00edculo 17 del RGPD.<\/li><li>Limitar el tratamiento de sus datos personales de acuerdo con el Art\u00edculo 18 del RGPD.<\/li><li>Solicitar la portabilidad de sus datos de acuerdo con el Art\u00edculo 20 del <a href=\"https:\/\/presencialismo.com\/\"><span style=\"font-style: inherit; font-weight: inherit;\">RGPD<\/span><\/a>.<\/li><li>Oponerse al tratamiento de sus datos personales de acuerdo con el art\u00edculo 21 del RGPD.<\/li><\/ul><p>Si ha otorgado su consentimiento para alguna finalidad concreta, tiene derecho a retirar el consentimiento otorgado en cualquier momento, sin que ello afecte a la licitud del tratamiento basado en el consentimiento previo a su retirada <a href=\"https:\/\/presencialismo.com\/\"><span style=\"font-style: inherit; font-weight: inherit;\">rrhh<\/span><\/a>.<\/p><p>Puede ejercer estos derechos enviando comunicaci\u00f3n, motivada y acreditada, a pandelatalaguna@gmail.com<\/p><p>Tambi\u00e9n tiene derecho a presentar una reclamaci\u00f3n ante la Autoridad de control competente (<a style=\"font-style: inherit; font-weight: inherit;\" href=\"https:\/\/aepd.es\/\">www.aepd.es<\/a>) si\u00a0considera que el tratamiento no se ajusta a la normativa vigente.<\/p>\t\t\t\t\t\t\t\t<\/div>\n\t\t\t\t<\/div>\n\t\t\t\t<div class=\"elementor-element elementor-element-0824029 elementor-widget elementor-widget-heading\" data-id=\"0824029\" data-element_type=\"widget\" data-e-type=\"widget\" data-widget_type=\"heading.default\">\n\t\t\t\t<div class=\"elementor-widget-container\">\n\t\t\t\t\t<h2 class=\"elementor-heading-title elementor-size-default\">8. INFORMACI\u00d3N LEGAL<\/h2>\t\t\t\t<\/div>\n\t\t\t\t<\/div>\n\t\t\t\t<div class=\"elementor-element elementor-element-7b34eae elementor-widget elementor-widget-text-editor\" data-id=\"7b34eae\" data-element_type=\"widget\" data-e-type=\"widget\" data-widget_type=\"text-editor.default\">\n\t\t\t\t<div class=\"elementor-widget-container\">\n\t\t\t\t\t\t\t\t\tLos requisitos de esta Pol\u00edtica complementan, y no reemplazan, cualquier otro requisito existente bajo la ley de protecci\u00f3n de datos aplicable, que ser\u00e1 la que prevalezca, en cualquier caso.<\/br>\nEsta Pol\u00edtica est\u00e1 sujeta a revisiones peri\u00f3dicas y la empresa puede modificarla en cualquier momento. Cuando esto ocurra, le avisaremos de cualquier cambio y le pediremos que vuelva a leer la versi\u00f3n m\u00e1s reciente de nuestra Pol\u00edtica y que confirme su aceptaci\u00f3n.\t\t\t\t\t\t\t\t<\/div>\n\t\t\t\t<\/div>\n\t\t\t\t\t<\/div>\n\t\t<\/div>\n\t\t\t\t\t<\/div>\n\t\t<\/section>\n\t\t\t\t<\/div>","protected":false},"excerpt":{"rendered":"<p>1. INFORMACI\u00d3N AL USUARIO Nuestra direcci\u00f3n web es: https:\/\/pandelata.com Pan DE LATA, como Responsable del Tratamiento, le informa que, seg\u00fan lo dispuesto en el Reglamento (UE) 2016\/679, de 27 de abril, (RGPD) y en la L.O. 3\/2018, de 5 de diciembre, de protecci\u00f3n de datos y garant\u00eda de los derechos digitales (LOPDGDD), trataremos sus datos tal y como reflejamos en la presente Pol\u00edtica de Privacidad. En esta Pol\u00edtica de Privacidad describimos c\u00f3mo recogemos sus datos personales y por qu\u00e9 los recogemos, qu\u00e9 hacemos con ellos, con qui\u00e9n los compartimos, c\u00f3mo los protegemos y sus opciones en cuanto al tratamiento de sus datos personales. Esta Pol\u00edtica se aplica al tratamiento de sus datos personales recogidos por la empresa para la prestaci\u00f3n de sus servicios. Si acepta las medidas de esta Pol\u00edtica, acepta que tratemos sus datos personales como se define en esta Pol\u00edtica. 2. CONTACTO Denominaci\u00f3n social:&nbsp;Pan DE LATANombre comercial:&nbsp;Pan DE&hellip;<\/p>\n<p> <a class=\"more-link\" href=\"https:\/\/pandelata.com\/en\/politica-de-privacidad\/\">Read more<\/a><\/p>","protected":false},"author":1,"featured_media":0,"parent":0,"menu_order":0,"comment_status":"closed","ping_status":"open","template":"","meta":{"nf_dc_page":"","_monsterinsights_skip_tracking":false,"_monsterinsights_sitenote_active":false,"_monsterinsights_sitenote_note":"","_monsterinsights_sitenote_category":0,"footnotes":""},"class_list":["post-3","page","type-page","status-publish"],"yoast_head":"<!-- This site is optimized with the Yoast SEO plugin v27.4 - https:\/\/yoast.com\/product\/yoast-seo-wordpress\/ -->\n<title>Pol\u00edtica de Privacidad - Pan DE LATA<\/title>\n<meta name=\"robots\" content=\"index, follow, max-snippet:-1, max-image-preview:large, max-video-preview:-1\" \/>\n<link rel=\"canonical\" href=\"https:\/\/pandelata.com\/en\/politica-de-privacidad\/\" \/>\n<meta property=\"og:locale\" content=\"en_GB\" \/>\n<meta property=\"og:type\" content=\"article\" \/>\n<meta property=\"og:title\" content=\"Pol\u00edtica de Privacidad - Pan DE LATA\" \/>\n<meta property=\"og:description\" content=\"1. INFORMACI\u00d3N AL USUARIO Nuestra direcci\u00f3n web es: https:\/\/pandelata.com Pan DE LATA, como Responsable del Tratamiento, le informa que, seg\u00fan lo dispuesto en el Reglamento (UE) 2016\/679, de 27 de abril, (RGPD) y en la L.O. 3\/2018, de 5 de diciembre, de protecci\u00f3n de datos y garant\u00eda de los derechos digitales (LOPDGDD), trataremos sus datos tal y como reflejamos en la presente Pol\u00edtica de Privacidad. En esta Pol\u00edtica de Privacidad describimos c\u00f3mo recogemos sus datos personales y por qu\u00e9 los recogemos, qu\u00e9 hacemos con ellos, con qui\u00e9n los compartimos, c\u00f3mo los protegemos y sus opciones en cuanto al tratamiento de sus datos personales. Esta Pol\u00edtica se aplica al tratamiento de sus datos personales recogidos por la empresa para la prestaci\u00f3n de sus servicios. Si acepta las medidas de esta Pol\u00edtica, acepta que tratemos sus datos personales como se define en esta Pol\u00edtica. 2. CONTACTO Denominaci\u00f3n social:&nbsp;Pan DE LATANombre comercial:&nbsp;Pan DE&hellip;  Read more\" \/>\n<meta property=\"og:url\" content=\"https:\/\/pandelata.com\/en\/politica-de-privacidad\/\" \/>\n<meta property=\"og:site_name\" content=\"Pan DE LATA\" \/>\n<meta property=\"article:modified_time\" content=\"2022-04-01T10:27:13+00:00\" \/>\n<meta name=\"twitter:card\" content=\"summary_large_image\" \/>\n<meta name=\"twitter:label1\" content=\"Estimated reading time\" \/>\n\t<meta name=\"twitter:data1\" content=\"4 minutes\" \/>\n<script type=\"application\/ld+json\" class=\"yoast-schema-graph\">{\"@context\":\"https:\\\/\\\/schema.org\",\"@graph\":[{\"@type\":\"WebPage\",\"@id\":\"https:\\\/\\\/pandelata.com\\\/politica-de-privacidad\\\/\",\"url\":\"https:\\\/\\\/pandelata.com\\\/politica-de-privacidad\\\/\",\"name\":\"Pol\u00edtica de Privacidad - Pan DE LATA\",\"isPartOf\":{\"@id\":\"https:\\\/\\\/pandelata.com\\\/#website\"},\"datePublished\":\"2022-01-19T18:34:03+00:00\",\"dateModified\":\"2022-04-01T10:27:13+00:00\",\"breadcrumb\":{\"@id\":\"https:\\\/\\\/pandelata.com\\\/politica-de-privacidad\\\/#breadcrumb\"},\"inLanguage\":\"en-GB\",\"potentialAction\":[{\"@type\":\"ReadAction\",\"target\":[\"https:\\\/\\\/pandelata.com\\\/politica-de-privacidad\\\/\"]}]},{\"@type\":\"BreadcrumbList\",\"@id\":\"https:\\\/\\\/pandelata.com\\\/politica-de-privacidad\\\/#breadcrumb\",\"itemListElement\":[{\"@type\":\"ListItem\",\"position\":1,\"name\":\"Home\",\"item\":\"https:\\\/\\\/pandelata.com\\\/\"},{\"@type\":\"ListItem\",\"position\":2,\"name\":\"Pol\u00edtica de Privacidad\"}]},{\"@type\":\"WebSite\",\"@id\":\"https:\\\/\\\/pandelata.com\\\/#website\",\"url\":\"https:\\\/\\\/pandelata.com\\\/\",\"name\":\"Pan DE LATA\",\"description\":\"Bar de latas, conservas, buen ambiente y m\u00fasica\",\"publisher\":{\"@id\":\"https:\\\/\\\/pandelata.com\\\/#organization\"},\"potentialAction\":[{\"@type\":\"SearchAction\",\"target\":{\"@type\":\"EntryPoint\",\"urlTemplate\":\"https:\\\/\\\/pandelata.com\\\/?s={search_term_string}\"},\"query-input\":{\"@type\":\"PropertyValueSpecification\",\"valueRequired\":true,\"valueName\":\"search_term_string\"}}],\"inLanguage\":\"en-GB\"},{\"@type\":\"Organization\",\"@id\":\"https:\\\/\\\/pandelata.com\\\/#organization\",\"name\":\"Pan DE LATA\",\"url\":\"https:\\\/\\\/pandelata.com\\\/\",\"logo\":{\"@type\":\"ImageObject\",\"inLanguage\":\"en-GB\",\"@id\":\"https:\\\/\\\/pandelata.com\\\/#\\\/schema\\\/logo\\\/image\\\/\",\"url\":\"https:\\\/\\\/i0.wp.com\\\/pandelata.com\\\/wp-content\\\/uploads\\\/2022\\\/01\\\/Pan-de-lata.png?fit=3543%2C3543&ssl=1\",\"contentUrl\":\"https:\\\/\\\/i0.wp.com\\\/pandelata.com\\\/wp-content\\\/uploads\\\/2022\\\/01\\\/Pan-de-lata.png?fit=3543%2C3543&ssl=1\",\"width\":3543,\"height\":3543,\"caption\":\"Pan DE LATA\"},\"image\":{\"@id\":\"https:\\\/\\\/pandelata.com\\\/#\\\/schema\\\/logo\\\/image\\\/\"}}]}<\/script>\n<!-- \/ Yoast SEO plugin. -->","yoast_head_json":{"title":"Pol\u00edtica de Privacidad - Pan DE LATA","robots":{"index":"index","follow":"follow","max-snippet":"max-snippet:-1","max-image-preview":"max-image-preview:large","max-video-preview":"max-video-preview:-1"},"canonical":"https:\/\/pandelata.com\/en\/politica-de-privacidad\/","og_locale":"en_GB","og_type":"article","og_title":"Pol\u00edtica de Privacidad - Pan DE LATA","og_description":"1. INFORMACI\u00d3N AL USUARIO Nuestra direcci\u00f3n web es: https:\/\/pandelata.com Pan DE LATA, como Responsable del Tratamiento, le informa que, seg\u00fan lo dispuesto en el Reglamento (UE) 2016\/679, de 27 de abril, (RGPD) y en la L.O. 3\/2018, de 5 de diciembre, de protecci\u00f3n de datos y garant\u00eda de los derechos digitales (LOPDGDD), trataremos sus datos tal y como reflejamos en la presente Pol\u00edtica de Privacidad. En esta Pol\u00edtica de Privacidad describimos c\u00f3mo recogemos sus datos personales y por qu\u00e9 los recogemos, qu\u00e9 hacemos con ellos, con qui\u00e9n los compartimos, c\u00f3mo los protegemos y sus opciones en cuanto al tratamiento de sus datos personales. Esta Pol\u00edtica se aplica al tratamiento de sus datos personales recogidos por la empresa para la prestaci\u00f3n de sus servicios. Si acepta las medidas de esta Pol\u00edtica, acepta que tratemos sus datos personales como se define en esta Pol\u00edtica. 2. CONTACTO Denominaci\u00f3n social:&nbsp;Pan DE LATANombre comercial:&nbsp;Pan DE&hellip;  Read more","og_url":"https:\/\/pandelata.com\/en\/politica-de-privacidad\/","og_site_name":"Pan DE LATA","article_modified_time":"2022-04-01T10:27:13+00:00","twitter_card":"summary_large_image","twitter_misc":{"Estimated reading time":"4 minutes"},"schema":{"@context":"https:\/\/schema.org","@graph":[{"@type":"WebPage","@id":"https:\/\/pandelata.com\/politica-de-privacidad\/","url":"https:\/\/pandelata.com\/politica-de-privacidad\/","name":"Pol\u00edtica de Privacidad - Pan DE LATA","isPartOf":{"@id":"https:\/\/pandelata.com\/#website"},"datePublished":"2022-01-19T18:34:03+00:00","dateModified":"2022-04-01T10:27:13+00:00","breadcrumb":{"@id":"https:\/\/pandelata.com\/politica-de-privacidad\/#breadcrumb"},"inLanguage":"en-GB","potentialAction":[{"@type":"ReadAction","target":["https:\/\/pandelata.com\/politica-de-privacidad\/"]}]},{"@type":"BreadcrumbList","@id":"https:\/\/pandelata.com\/politica-de-privacidad\/#breadcrumb","itemListElement":[{"@type":"ListItem","position":1,"name":"Home","item":"https:\/\/pandelata.com\/"},{"@type":"ListItem","position":2,"name":"Pol\u00edtica de Privacidad"}]},{"@type":"WebSite","@id":"https:\/\/pandelata.com\/#website","url":"https:\/\/pandelata.com\/","name":"Pan DE LATA","description":"Bar de latas, conservas, buen ambiente y m\u00fasica","publisher":{"@id":"https:\/\/pandelata.com\/#organization"},"potentialAction":[{"@type":"SearchAction","target":{"@type":"EntryPoint","urlTemplate":"https:\/\/pandelata.com\/?s={search_term_string}"},"query-input":{"@type":"PropertyValueSpecification","valueRequired":true,"valueName":"search_term_string"}}],"inLanguage":"en-GB"},{"@type":"Organization","@id":"https:\/\/pandelata.com\/#organization","name":"Pan DE LATA","url":"https:\/\/pandelata.com\/","logo":{"@type":"ImageObject","inLanguage":"en-GB","@id":"https:\/\/pandelata.com\/#\/schema\/logo\/image\/","url":"https:\/\/i0.wp.com\/pandelata.com\/wp-content\/uploads\/2022\/01\/Pan-de-lata.png?fit=3543%2C3543&ssl=1","contentUrl":"https:\/\/i0.wp.com\/pandelata.com\/wp-content\/uploads\/2022\/01\/Pan-de-lata.png?fit=3543%2C3543&ssl=1","width":3543,"height":3543,"caption":"Pan DE LATA"},"image":{"@id":"https:\/\/pandelata.com\/#\/schema\/logo\/image\/"}}]}},"jetpack_sharing_enabled":true,"_links":{"self":[{"href":"https:\/\/pandelata.com\/en\/wp-json\/wp\/v2\/pages\/3","targetHints":{"allow":["GET"]}}],"collection":[{"href":"https:\/\/pandelata.com\/en\/wp-json\/wp\/v2\/pages"}],"about":[{"href":"https:\/\/pandelata.com\/en\/wp-json\/wp\/v2\/types\/page"}],"author":[{"embeddable":true,"href":"https:\/\/pandelata.com\/en\/wp-json\/wp\/v2\/users\/1"}],"replies":[{"embeddable":true,"href":"https:\/\/pandelata.com\/en\/wp-json\/wp\/v2\/comments?post=3"}],"version-history":[{"count":6,"href":"https:\/\/pandelata.com\/en\/wp-json\/wp\/v2\/pages\/3\/revisions"}],"predecessor-version":[{"id":412,"href":"https:\/\/pandelata.com\/en\/wp-json\/wp\/v2\/pages\/3\/revisions\/412"}],"wp:attachment":[{"href":"https:\/\/pandelata.com\/en\/wp-json\/wp\/v2\/media?parent=3"}],"curies":[{"name":"wp","href":"https:\/\/api.w.org\/{rel}","templated":true}]}}