{"id":374,"date":"2022-03-29T11:36:07","date_gmt":"2022-03-29T11:36:07","guid":{"rendered":"https:\/\/pandelata.com\/?page_id=374"},"modified":"2022-03-29T12:30:51","modified_gmt":"2022-03-29T12:30:51","slug":"cookies","status":"publish","type":"page","link":"https:\/\/pandelata.com\/en\/cookies\/","title":{"rendered":"Cookies"},"content":{"rendered":"<div data-elementor-type=\"wp-page\" data-elementor-id=\"374\" class=\"elementor elementor-374\">\n\t\t\t\t\t\t<section class=\"elementor-section elementor-top-section elementor-element elementor-element-3c6a8a0e elementor-section-boxed elementor-section-height-default elementor-section-height-default\" data-id=\"3c6a8a0e\" data-element_type=\"section\" data-e-type=\"section\">\n\t\t\t\t\t\t<div class=\"elementor-container elementor-column-gap-default\">\n\t\t\t\t\t<div class=\"elementor-column elementor-col-100 elementor-top-column elementor-element elementor-element-615f1b89\" data-id=\"615f1b89\" data-element_type=\"column\" data-e-type=\"column\">\n\t\t\t<div class=\"elementor-widget-wrap elementor-element-populated\">\n\t\t\t\t\t\t<div class=\"elementor-element elementor-element-e31668d elementor-widget elementor-widget-heading\" data-id=\"e31668d\" data-element_type=\"widget\" data-e-type=\"widget\" data-widget_type=\"heading.default\">\n\t\t\t\t<div class=\"elementor-widget-container\">\n\t\t\t\t\t<h2 class=\"elementor-heading-title elementor-size-default\">1. POL\u00cdTICA DE COOKIES CONTENIDO<\/h2>\t\t\t\t<\/div>\n\t\t\t\t<\/div>\n\t\t\t\t<div class=\"elementor-element elementor-element-5ca6d6a elementor-widget elementor-widget-text-editor\" data-id=\"5ca6d6a\" data-element_type=\"widget\" data-e-type=\"widget\" data-widget_type=\"text-editor.default\">\n\t\t\t\t<div class=\"elementor-widget-container\">\n\t\t\t\t\t\t\t\t\t<p>Nuestra direcci\u00f3n web es: <a href=\"https:\/\/pandelata.com\"><b>https:\/\/pandelata.com<\/b><\/a><\/p>\n<p>Esta web utiliza cookies propias y de terceros para ofrecerle una mejor experiencia y servicio. Al navegar o utilizar nuestros servicios acepta el uso que hacemos de las cookies. Sin embargo, tiene la opci\u00f3n de impedir la generaci\u00f3n de cookies y la eliminaci\u00f3n de las mismas mediante la selecci\u00f3n de la correspondiente opci\u00f3n en su Navegador. En caso de bloquear el uso de cookies en su navegador, es posible que algunos servicios o funcionalidades de la p\u00e1gina Web no est\u00e9n disponibles.<\/p>\t\t\t\t\t\t\t\t<\/div>\n\t\t\t\t<\/div>\n\t\t\t\t<div class=\"elementor-element elementor-element-3b890f9 elementor-widget elementor-widget-heading\" data-id=\"3b890f9\" data-element_type=\"widget\" data-e-type=\"widget\" data-widget_type=\"heading.default\">\n\t\t\t\t<div class=\"elementor-widget-container\">\n\t\t\t\t\t<h2 class=\"elementor-heading-title elementor-size-default\">2. \u00bfQU\u00c9 ES UNA COOKIE?<\/h2>\t\t\t\t<\/div>\n\t\t\t\t<\/div>\n\t\t\t\t<div class=\"elementor-element elementor-element-4aa9c02 elementor-widget elementor-widget-text-editor\" data-id=\"4aa9c02\" data-element_type=\"widget\" data-e-type=\"widget\" data-widget_type=\"text-editor.default\">\n\t\t\t\t<div class=\"elementor-widget-container\">\n\t\t\t\t\t\t\t\t\t<p>Las cookies constituyen una herramienta empleada por los servidores Web para almacenar y recuperar informaci\u00f3n acerca de sus visitantes. Es un identificador \u00fanico en forma de fichero de texto que se remite al dispositivo del usuario para registrar informaci\u00f3n, permitiendo as\u00ed mejorar la calidad y seguridad de la p\u00e1gina web. Poseen una fecha de caducidad a partir de la cual dejan de ser operativas.<\/p>\t\t\t\t\t\t\t\t<\/div>\n\t\t\t\t<\/div>\n\t\t\t\t<div class=\"elementor-element elementor-element-fbf362c elementor-widget elementor-widget-heading\" data-id=\"fbf362c\" data-element_type=\"widget\" data-e-type=\"widget\" data-widget_type=\"heading.default\">\n\t\t\t\t<div class=\"elementor-widget-container\">\n\t\t\t\t\t<h2 class=\"elementor-heading-title elementor-size-default\">3. UTILIDAD DE LAS COOKIES EN MI P\u00c1GINA WEB<\/h2>\t\t\t\t<\/div>\n\t\t\t\t<\/div>\n\t\t\t\t<div class=\"elementor-element elementor-element-45a8d44 elementor-widget elementor-widget-text-editor\" data-id=\"45a8d44\" data-element_type=\"widget\" data-e-type=\"widget\" data-widget_type=\"text-editor.default\">\n\t\t\t\t<div class=\"elementor-widget-container\">\n\t\t\t\t\t\t\t\t\t<p>Utilizamos cookies para facilitar la navegaci\u00f3n por la web y para obtener una mayor eficacia y personalizaci\u00f3n de los servicios que le ofrecemos. Las cookies empleadas se asocian \u00fanicamente con un Usuario an\u00f3nimo y su dispositivo, no proporcionan referencias que permitan obtener sus datos personales ni incluir virus en el mismo. Tampoco se pueden leer las cookies implantadas en su dispositivo desde otros servidores. La informaci\u00f3n que analizamos haciendo uso de las cookies son la direcci\u00f3n de protocolo de internet (IP) empleada para conectar tu ordenador a internet, tipo y versi\u00f3n de navegador, sistema operativo y plataforma empleada para la conexi\u00f3n y la fecha y la hora de dicha actividad.<\/p>\t\t\t\t\t\t\t\t<\/div>\n\t\t\t\t<\/div>\n\t\t\t\t<div class=\"elementor-element elementor-element-ad91215 elementor-widget elementor-widget-heading\" data-id=\"ad91215\" data-element_type=\"widget\" data-e-type=\"widget\" data-widget_type=\"heading.default\">\n\t\t\t\t<div class=\"elementor-widget-container\">\n\t\t\t\t\t<h2 class=\"elementor-heading-title elementor-size-default\">4. COOKIES EMPLEADAS<\/h2>\t\t\t\t<\/div>\n\t\t\t\t<\/div>\n\t\t\t\t<div class=\"elementor-element elementor-element-2b77537 elementor-widget elementor-widget-text-editor\" data-id=\"2b77537\" data-element_type=\"widget\" data-e-type=\"widget\" data-widget_type=\"text-editor.default\">\n\t\t\t\t<div class=\"elementor-widget-container\">\n\t\t\t\t\t\t\t\t\t<p>Utilizamos cookies permanentes que se almacenan en el dispositivo del usuario y que permiten recuperar la informaci\u00f3n de la navegaci\u00f3n en la siguiente visita. Tienen fecha de caducidad. Estas cookies nos permiten personalizar sus visitas, a trav\u00e9s de sus preferencias (por ejemplo, pa\u00eds e idioma).<\/p>\n<p>Tambi\u00e9n utilizamos cookies de terceros que permiten gestionar y mejorar los servicios ofrecidos. Como por ejemplo, los servicios estad\u00edsticos de Google Analytics. A continuaci\u00f3n recogemos de forma esquematizada las cookies anteriormente descritas y utilizadas en la p\u00e1gina web:<\/p>\n<ul>\n<li><b>ASP.NET_SessionId, ids, sAct<\/b>: Estas cookies son identificadores de sesi\u00f3n proporcionados por el servidor de Microsoft ASP y propio del sistema. Se utilizan para identificar a un usuario que haya iniciado sesi\u00f3n en nuestra p\u00e1gina Web.<\/li>\n<li><b style=\"color: var( --e-global-color-text ); font-family: var( --e-global-typography-text-font-family ), Sans-serif; word-spacing: normal;\">CookiesUserAccepted<\/b><span style=\"color: var( --e-global-color-text ); font-family: var( --e-global-typography-text-font-family ), Sans-serif; font-weight: var( --e-global-typography-text-font-weight ); word-spacing: normal;\">: esta cookie se genera de manera autom\u00e1tica en el momento en que se acepta la pol\u00edtica de cookies de la web, permite que no te mostremos de nuevo el aviso si ya lo has aceptado.<\/span><\/li>\n<\/ul>\n<p>Cookies implementadas por <b><u>Google<\/u><\/b>:<\/p>\n<ul>\n<li><b>_ga<\/b>: Se usa para distinguir a los usuarios. (Duraci\u00f3n predeterminada: 2 a\u00f1os)<\/li>\n<li><b>_gid<\/b>: 24 horas\u00a0\u00a0\u00a0 Se usa para distinguir a los usuarios. (Duraci\u00f3n predeterminada: 24 horas)<\/li>\n<li><b>_gat<\/b>: Se usa para limitar el porcentaje de solicitudes. Si se ha implementado Google Analytics mediante Google Tag Manager, esta cookie se llamar\u00e1 _dc_gtm_&lt;property-id&gt;. (Duraci\u00f3n predeterminada: 1 minuto)<\/li>\n<li><b>__utma<\/b>: Se usa para distinguir usuarios y sesiones. La cookie se crea cuando se ejecuta la biblioteca JavaScript y no hay ninguna cookie (Duraci\u00f3n predeterminada: Dos a\u00f1os a partir de la configuraci\u00f3n o actualizaci\u00f3n. __utma: La cookie se actualiza cada vez que se env\u00edan datos a Google Analytics.<\/li>\n<li><b>__utmt<\/b>: Se usa para limitar el porcentaje de solicitudes. (Duraci\u00f3n predeterminada: 10 minutos)<\/li>\n<li><b>__utmb<\/b>: Se usa para determinar nuevas sesiones o visitas. La cookie se crea cuando se ejecuta la biblioteca JavaScript y no hay ninguna cookie __utmb. La cookie se actualiza cada vez que se env\u00edan datos a Google Analytics. (Duraci\u00f3n predeterminada: 30 minutos a partir de la configuraci\u00f3n o actualizaci\u00f3n)<\/li>\n<li><b>__utmc<\/b>: No se usa en ga.js. Se configura para interactuar con urchin.js. Anteriormente, esta cookie actuaba junto con la cookie __utmb para determinar si el usuario estaba en una nueva sesi\u00f3n o visita. (Duraci\u00f3n predeterminada: Fin de la sesi\u00f3n del navegador )<\/li>\n<li><b>__utmz<\/b>: Almacena la fuente de tr\u00e1fico o la campa\u00f1a que explica c\u00f3mo ha llegado el usuario al sitio. La cookie se crea cuando se ejecuta la biblioteca JavaScript y se actualiza cada vez que se env\u00edan datos a Google Analytics. (Duraci\u00f3n predeterminada: Seis meses a partir de la configuraci\u00f3n o actualizaci\u00f3n)<\/li>\n<li><b>__utmv<\/b>: Se usa para almacenar datos de variables personalizadas de visitante. Esta cookie se crea cuando un programador usa el m\u00e9todo _setCustomVar con una variable personalizada de visitante. Tambi\u00e9n se usaba para el m\u00e9todo _setVar retirado. La cookie se actualiza cada vez que se env\u00edan datos a Google Analytics. (Duraci\u00f3n predeterminada: Dos a\u00f1os a partir de la configuraci\u00f3n o actualizaci\u00f3n)<\/li>\n<\/ul>\t\t\t\t\t\t\t\t<\/div>\n\t\t\t\t<\/div>\n\t\t\t\t<div class=\"elementor-element elementor-element-c4164a3 elementor-widget elementor-widget-heading\" data-id=\"c4164a3\" data-element_type=\"widget\" data-e-type=\"widget\" data-widget_type=\"heading.default\">\n\t\t\t\t<div class=\"elementor-widget-container\">\n\t\t\t\t\t<h2 class=\"elementor-heading-title elementor-size-default\">5. COOKIES PUBLICITARIAS<\/h2>\t\t\t\t<\/div>\n\t\t\t\t<\/div>\n\t\t\t\t<div class=\"elementor-element elementor-element-6365903 elementor-widget elementor-widget-text-editor\" data-id=\"6365903\" data-element_type=\"widget\" data-e-type=\"widget\" data-widget_type=\"text-editor.default\">\n\t\t\t\t<div class=\"elementor-widget-container\">\n\t\t\t\t\t\t\t\t\t<p>Son aquellas que permiten gestionar eficazmente los espacios publicitarios de nuestro sitio web y de terceros, adecuando el contenido del anuncio al contenido del servicio solicitado o al uso que realice de nuestra p\u00e1gina web.<\/p>\n<p>Esta p\u00e1gina web utiliza la herramienta de remarketing de Google Adwords. Esta herramienta permite publicar en la Red de contenido de Google anuncios basados en visitas anteriores de usuarios a nuestra web. Para conseguirlo, las p\u00e1ginas de nuestro sitio web incluyen un c\u00f3digo o etiqueta de remarketing que configuran las cookies para determinar el tipo de anuncio que se mostrar\u00e1 al usuario seg\u00fan la navegaci\u00f3n que haya realizado por el sitio web. Las listas de remarketing se guardan en una base de datos de los servidores de Google, donde se almacenan todos los ID de cookie asociados a cada lista o categor\u00eda de inter\u00e9s. Respecto a las cookies de remarketing, el usuario puede inhabilitar el uso de cookies de Google, visitando la p\u00e1gina de inhabilitaci\u00f3n de publicidad de Google. M\u00e1s info aqu\u00ed: <a href=\"http:\/\/www.google.es\/intl\/es\/policies\/technologies\/ads\/\">http:\/\/www.google.es\/intl\/es\/policies\/technologies\/ads\/<\/a><\/p>\t\t\t\t\t\t\t\t<\/div>\n\t\t\t\t<\/div>\n\t\t\t\t<div class=\"elementor-element elementor-element-71aca5f elementor-widget elementor-widget-heading\" data-id=\"71aca5f\" data-element_type=\"widget\" data-e-type=\"widget\" data-widget_type=\"heading.default\">\n\t\t\t\t<div class=\"elementor-widget-container\">\n\t\t\t\t\t<h2 class=\"elementor-heading-title elementor-size-default\">6. COOKIE DE PUBLICIDAD DE DoubleClick (Google)<\/h2>\t\t\t\t<\/div>\n\t\t\t\t<\/div>\n\t\t\t\t<div class=\"elementor-element elementor-element-ff74404 elementor-widget elementor-widget-text-editor\" data-id=\"ff74404\" data-element_type=\"widget\" data-e-type=\"widget\" data-widget_type=\"text-editor.default\">\n\t\t\t\t<div class=\"elementor-widget-container\">\n\t\t\t\t\t\t\t\t\t<p>DoubleClick es un servicio de anuncios de terceros para algunas p\u00e1ginas web. En <a href=\"http:\/\/www.google.es\/intl\/es\/policies\/technologies\/ads\/\">http:\/\/www.google.es\/intl\/es\/policies\/technologies\/ads\/<\/a> puedes ver la pol\u00edtica de privacidad. DoubleClick usa cookies para mejorar la publicidad. Suelen utilizarse para orientar la publicidad seg\u00fan el contenido que es relevante para un usuario, mejorar los informes de rendimiento de la campa\u00f1a y evitar mostrar anuncios que el usuario ya haya visto. Las cookies de DoubleClick no contienen informaci\u00f3n de identificaci\u00f3n personal. En ocasiones, la cookie contiene un identificador adicional que se parece al ID de cookie. Este identificador se emplea para identificar una campa\u00f1a publicitaria a la que un usuario se ha expuesto anteriormente; pero DoubleClick no guarda otros datos en la cookie y ning\u00fan dato permite la identificaci\u00f3n personal.<\/p>\n<p>Para permitir, conocer, bloquear o eliminar las cookies instaladas en tu equipo, puedes hacerlo mediante la configuraci\u00f3n de las opciones del navegador instalado en tu ordenador.<\/p>\n<p>Por ejemplo, puedes ver c\u00f3mo hacerlo en las ayudas facilitadas por cada navegador dependiendo de cual utilices:<\/p>\n<ul>\n<li>Firefox desde aqu\u00ed: <a href=\"http:\/\/support.mozilla.org\/es\/kb\/habilitar-y-deshabilitar-cookies-que-los-sitios-we\">http:\/\/support.mozilla.org\/es\/kb\/habilitar-y-deshabilitar-cookies-que-los-sitios-we<\/a><\/li>\n<li>Chrome desde aqu\u00ed: <a href=\"http:\/\/support.google.com\/chrome\/bin\/answer.py?hl=es&amp;answer=95647\">http:\/\/support.google.com\/chrome\/bin\/answer.py?hl=es&amp;answer=95647<\/a><\/li>\n<li>Explorer desde aqu\u00ed: <a href=\"http:\/\/windows.microsoft.com\/es-es\/windows7\/how-to-manage-cookies-in-internet-explorer-9\">http:\/\/windows.microsoft.com\/es-es\/windows7\/how-to-manage-cookies-in-internet-explorer-9<\/a><\/li>\n<li>Safari desde aqu\u00ed: <a href=\"http:\/\/support.apple.com\/kb\/ph5042\">http:\/\/support.apple.com\/kb\/ph5042<\/a><\/li>\n<li>Opera desde aqu\u00ed: <a href=\"http:\/\/help.opera.com\/Windows\/11.50\/es-ES\/cookies.html\">http:\/\/help.opera.com\/Windows\/11.50\/es-ES\/cookies.html<\/a><\/li>\n<\/ul>\t\t\t\t\t\t\t\t<\/div>\n\t\t\t\t<\/div>\n\t\t\t\t<div class=\"elementor-element elementor-element-7e0100d elementor-widget elementor-widget-heading\" data-id=\"7e0100d\" data-element_type=\"widget\" data-e-type=\"widget\" data-widget_type=\"heading.default\">\n\t\t\t\t<div class=\"elementor-widget-container\">\n\t\t\t\t\t<h2 class=\"elementor-heading-title elementor-size-default\">7. \u00bfQU\u00c9 OCURRE SI SE DESHABILITAN LAS COOKIES?<\/h2>\t\t\t\t<\/div>\n\t\t\t\t<\/div>\n\t\t\t\t<div class=\"elementor-element elementor-element-0adbbac elementor-widget elementor-widget-text-editor\" data-id=\"0adbbac\" data-element_type=\"widget\" data-e-type=\"widget\" data-widget_type=\"text-editor.default\">\n\t\t\t\t<div class=\"elementor-widget-container\">\n\t\t\t\t\t\t\t\t\t<p>En el caso de bloquear o no aceptar la instalaci\u00f3n de cookies, es posible que ciertos servicios ofrecidos por nuestro sitio web que necesitan su uso queden deshabilitados y, por lo tanto, no est\u00e9n disponibles para usted, por lo que no podr\u00e1 aprovechar por completo todo lo que nuestras webs y aplicaciones le ofrecen. Es posible tambi\u00e9n que la calidad de funcionamiento de la p\u00e1gina web pueda disminuir.<\/p>\t\t\t\t\t\t\t\t<\/div>\n\t\t\t\t<\/div>\n\t\t\t\t<div class=\"elementor-element elementor-element-5865a6a elementor-widget elementor-widget-heading\" data-id=\"5865a6a\" data-element_type=\"widget\" data-e-type=\"widget\" data-widget_type=\"heading.default\">\n\t\t\t\t<div class=\"elementor-widget-container\">\n\t\t\t\t\t<h2 class=\"elementor-heading-title elementor-size-default\">8. ACTUALIZACIONES EN LA POL\u00cdTICA DE COOKIES<\/h2>\t\t\t\t<\/div>\n\t\t\t\t<\/div>\n\t\t\t\t<div class=\"elementor-element elementor-element-5f6398b elementor-widget elementor-widget-text-editor\" data-id=\"5f6398b\" data-element_type=\"widget\" data-e-type=\"widget\" data-widget_type=\"text-editor.default\">\n\t\t\t\t<div class=\"elementor-widget-container\">\n\t\t\t\t\t\t\t\t\t<p>Nuestra p\u00e1gina web puede modificar esta Pol\u00edtica de Cookies en funci\u00f3n de exigencias legislativas, reglamentarias, o con la finalidad de adaptar dicha pol\u00edtica a las instrucciones dictadas por la Agencia Espa\u00f1ola de Protecci\u00f3n de Datos, por lo que se aconseja a los usuarios que la visiten peri\u00f3dicamente.<\/p>\t\t\t\t\t\t\t\t<\/div>\n\t\t\t\t<\/div>\n\t\t\t\t\t<\/div>\n\t\t<\/div>\n\t\t\t\t\t<\/div>\n\t\t<\/section>\n\t\t\t\t<\/div>","protected":false},"excerpt":{"rendered":"<p>1. POL\u00cdTICA DE COOKIES CONTENIDO Nuestra direcci\u00f3n web es: https:\/\/pandelata.com Esta web utiliza cookies propias y de terceros para ofrecerle una mejor experiencia y servicio. Al navegar o utilizar nuestros servicios acepta el uso que hacemos de las cookies. Sin embargo, tiene la opci\u00f3n de impedir la generaci\u00f3n de cookies y la eliminaci\u00f3n de las mismas mediante la selecci\u00f3n de la correspondiente opci\u00f3n en su Navegador. En caso de bloquear el uso de cookies en su navegador, es posible que algunos servicios o funcionalidades de la p\u00e1gina Web no est\u00e9n disponibles. 2. \u00bfQU\u00c9 ES UNA COOKIE? Las cookies constituyen una herramienta empleada por los servidores Web para almacenar y recuperar informaci\u00f3n acerca de sus visitantes. Es un identificador \u00fanico en forma de fichero de texto que se remite al dispositivo del usuario para registrar informaci\u00f3n, permitiendo as\u00ed mejorar la calidad y seguridad de la p\u00e1gina web. Poseen una fecha de&hellip;<\/p>\n<p> <a class=\"more-link\" href=\"https:\/\/pandelata.com\/en\/cookies\/\">Read more<\/a><\/p>","protected":false},"author":2,"featured_media":0,"parent":0,"menu_order":0,"comment_status":"closed","ping_status":"closed","template":"","meta":{"nf_dc_page":"","_monsterinsights_skip_tracking":false,"_monsterinsights_sitenote_active":false,"_monsterinsights_sitenote_note":"","_monsterinsights_sitenote_category":0,"footnotes":""},"class_list":["post-374","page","type-page","status-publish"],"yoast_head":"<!-- This site is optimized with the Yoast SEO plugin v27.4 - https:\/\/yoast.com\/product\/yoast-seo-wordpress\/ -->\n<title>Cookies - Pan DE LATA<\/title>\n<meta name=\"robots\" content=\"index, follow, max-snippet:-1, max-image-preview:large, max-video-preview:-1\" \/>\n<link rel=\"canonical\" href=\"https:\/\/pandelata.com\/en\/cookies\/\" \/>\n<meta property=\"og:locale\" content=\"en_GB\" \/>\n<meta property=\"og:type\" content=\"article\" \/>\n<meta property=\"og:title\" content=\"Cookies - Pan DE LATA\" \/>\n<meta property=\"og:description\" content=\"1. POL\u00cdTICA DE COOKIES CONTENIDO Nuestra direcci\u00f3n web es: https:\/\/pandelata.com Esta web utiliza cookies propias y de terceros para ofrecerle una mejor experiencia y servicio. Al navegar o utilizar nuestros servicios acepta el uso que hacemos de las cookies. Sin embargo, tiene la opci\u00f3n de impedir la generaci\u00f3n de cookies y la eliminaci\u00f3n de las mismas mediante la selecci\u00f3n de la correspondiente opci\u00f3n en su Navegador. En caso de bloquear el uso de cookies en su navegador, es posible que algunos servicios o funcionalidades de la p\u00e1gina Web no est\u00e9n disponibles. 2. \u00bfQU\u00c9 ES UNA COOKIE? Las cookies constituyen una herramienta empleada por los servidores Web para almacenar y recuperar informaci\u00f3n acerca de sus visitantes. Es un identificador \u00fanico en forma de fichero de texto que se remite al dispositivo del usuario para registrar informaci\u00f3n, permitiendo as\u00ed mejorar la calidad y seguridad de la p\u00e1gina web. Poseen una fecha de&hellip;  Read more\" \/>\n<meta property=\"og:url\" content=\"https:\/\/pandelata.com\/en\/cookies\/\" \/>\n<meta property=\"og:site_name\" content=\"Pan DE LATA\" \/>\n<meta property=\"article:modified_time\" content=\"2022-03-29T12:30:51+00:00\" \/>\n<meta name=\"twitter:card\" content=\"summary_large_image\" \/>\n<meta name=\"twitter:label1\" content=\"Estimated reading time\" \/>\n\t<meta name=\"twitter:data1\" content=\"6 minutes\" \/>\n<script type=\"application\/ld+json\" class=\"yoast-schema-graph\">{\"@context\":\"https:\\\/\\\/schema.org\",\"@graph\":[{\"@type\":\"WebPage\",\"@id\":\"https:\\\/\\\/pandelata.com\\\/cookies\\\/\",\"url\":\"https:\\\/\\\/pandelata.com\\\/cookies\\\/\",\"name\":\"Cookies - Pan DE LATA\",\"isPartOf\":{\"@id\":\"https:\\\/\\\/pandelata.com\\\/#website\"},\"datePublished\":\"2022-03-29T11:36:07+00:00\",\"dateModified\":\"2022-03-29T12:30:51+00:00\",\"breadcrumb\":{\"@id\":\"https:\\\/\\\/pandelata.com\\\/cookies\\\/#breadcrumb\"},\"inLanguage\":\"en-GB\",\"potentialAction\":[{\"@type\":\"ReadAction\",\"target\":[\"https:\\\/\\\/pandelata.com\\\/cookies\\\/\"]}]},{\"@type\":\"BreadcrumbList\",\"@id\":\"https:\\\/\\\/pandelata.com\\\/cookies\\\/#breadcrumb\",\"itemListElement\":[{\"@type\":\"ListItem\",\"position\":1,\"name\":\"Home\",\"item\":\"https:\\\/\\\/pandelata.com\\\/\"},{\"@type\":\"ListItem\",\"position\":2,\"name\":\"Cookies\"}]},{\"@type\":\"WebSite\",\"@id\":\"https:\\\/\\\/pandelata.com\\\/#website\",\"url\":\"https:\\\/\\\/pandelata.com\\\/\",\"name\":\"Pan DE LATA\",\"description\":\"Bar de latas, conservas, buen ambiente y m\u00fasica\",\"publisher\":{\"@id\":\"https:\\\/\\\/pandelata.com\\\/#organization\"},\"potentialAction\":[{\"@type\":\"SearchAction\",\"target\":{\"@type\":\"EntryPoint\",\"urlTemplate\":\"https:\\\/\\\/pandelata.com\\\/?s={search_term_string}\"},\"query-input\":{\"@type\":\"PropertyValueSpecification\",\"valueRequired\":true,\"valueName\":\"search_term_string\"}}],\"inLanguage\":\"en-GB\"},{\"@type\":\"Organization\",\"@id\":\"https:\\\/\\\/pandelata.com\\\/#organization\",\"name\":\"Pan DE LATA\",\"url\":\"https:\\\/\\\/pandelata.com\\\/\",\"logo\":{\"@type\":\"ImageObject\",\"inLanguage\":\"en-GB\",\"@id\":\"https:\\\/\\\/pandelata.com\\\/#\\\/schema\\\/logo\\\/image\\\/\",\"url\":\"https:\\\/\\\/i0.wp.com\\\/pandelata.com\\\/wp-content\\\/uploads\\\/2022\\\/01\\\/Pan-de-lata.png?fit=3543%2C3543&ssl=1\",\"contentUrl\":\"https:\\\/\\\/i0.wp.com\\\/pandelata.com\\\/wp-content\\\/uploads\\\/2022\\\/01\\\/Pan-de-lata.png?fit=3543%2C3543&ssl=1\",\"width\":3543,\"height\":3543,\"caption\":\"Pan DE LATA\"},\"image\":{\"@id\":\"https:\\\/\\\/pandelata.com\\\/#\\\/schema\\\/logo\\\/image\\\/\"}}]}<\/script>\n<!-- \/ Yoast SEO plugin. -->","yoast_head_json":{"title":"Cookies - Pan DE LATA","robots":{"index":"index","follow":"follow","max-snippet":"max-snippet:-1","max-image-preview":"max-image-preview:large","max-video-preview":"max-video-preview:-1"},"canonical":"https:\/\/pandelata.com\/en\/cookies\/","og_locale":"en_GB","og_type":"article","og_title":"Cookies - Pan DE LATA","og_description":"1. POL\u00cdTICA DE COOKIES CONTENIDO Nuestra direcci\u00f3n web es: https:\/\/pandelata.com Esta web utiliza cookies propias y de terceros para ofrecerle una mejor experiencia y servicio. Al navegar o utilizar nuestros servicios acepta el uso que hacemos de las cookies. Sin embargo, tiene la opci\u00f3n de impedir la generaci\u00f3n de cookies y la eliminaci\u00f3n de las mismas mediante la selecci\u00f3n de la correspondiente opci\u00f3n en su Navegador. En caso de bloquear el uso de cookies en su navegador, es posible que algunos servicios o funcionalidades de la p\u00e1gina Web no est\u00e9n disponibles. 2. \u00bfQU\u00c9 ES UNA COOKIE? Las cookies constituyen una herramienta empleada por los servidores Web para almacenar y recuperar informaci\u00f3n acerca de sus visitantes. Es un identificador \u00fanico en forma de fichero de texto que se remite al dispositivo del usuario para registrar informaci\u00f3n, permitiendo as\u00ed mejorar la calidad y seguridad de la p\u00e1gina web. Poseen una fecha de&hellip;  Read more","og_url":"https:\/\/pandelata.com\/en\/cookies\/","og_site_name":"Pan DE LATA","article_modified_time":"2022-03-29T12:30:51+00:00","twitter_card":"summary_large_image","twitter_misc":{"Estimated reading time":"6 minutes"},"schema":{"@context":"https:\/\/schema.org","@graph":[{"@type":"WebPage","@id":"https:\/\/pandelata.com\/cookies\/","url":"https:\/\/pandelata.com\/cookies\/","name":"Cookies - Pan DE LATA","isPartOf":{"@id":"https:\/\/pandelata.com\/#website"},"datePublished":"2022-03-29T11:36:07+00:00","dateModified":"2022-03-29T12:30:51+00:00","breadcrumb":{"@id":"https:\/\/pandelata.com\/cookies\/#breadcrumb"},"inLanguage":"en-GB","potentialAction":[{"@type":"ReadAction","target":["https:\/\/pandelata.com\/cookies\/"]}]},{"@type":"BreadcrumbList","@id":"https:\/\/pandelata.com\/cookies\/#breadcrumb","itemListElement":[{"@type":"ListItem","position":1,"name":"Home","item":"https:\/\/pandelata.com\/"},{"@type":"ListItem","position":2,"name":"Cookies"}]},{"@type":"WebSite","@id":"https:\/\/pandelata.com\/#website","url":"https:\/\/pandelata.com\/","name":"Pan DE LATA","description":"Bar de latas, conservas, buen ambiente y m\u00fasica","publisher":{"@id":"https:\/\/pandelata.com\/#organization"},"potentialAction":[{"@type":"SearchAction","target":{"@type":"EntryPoint","urlTemplate":"https:\/\/pandelata.com\/?s={search_term_string}"},"query-input":{"@type":"PropertyValueSpecification","valueRequired":true,"valueName":"search_term_string"}}],"inLanguage":"en-GB"},{"@type":"Organization","@id":"https:\/\/pandelata.com\/#organization","name":"Pan DE LATA","url":"https:\/\/pandelata.com\/","logo":{"@type":"ImageObject","inLanguage":"en-GB","@id":"https:\/\/pandelata.com\/#\/schema\/logo\/image\/","url":"https:\/\/i0.wp.com\/pandelata.com\/wp-content\/uploads\/2022\/01\/Pan-de-lata.png?fit=3543%2C3543&ssl=1","contentUrl":"https:\/\/i0.wp.com\/pandelata.com\/wp-content\/uploads\/2022\/01\/Pan-de-lata.png?fit=3543%2C3543&ssl=1","width":3543,"height":3543,"caption":"Pan DE LATA"},"image":{"@id":"https:\/\/pandelata.com\/#\/schema\/logo\/image\/"}}]}},"jetpack_sharing_enabled":true,"_links":{"self":[{"href":"https:\/\/pandelata.com\/en\/wp-json\/wp\/v2\/pages\/374","targetHints":{"allow":["GET"]}}],"collection":[{"href":"https:\/\/pandelata.com\/en\/wp-json\/wp\/v2\/pages"}],"about":[{"href":"https:\/\/pandelata.com\/en\/wp-json\/wp\/v2\/types\/page"}],"author":[{"embeddable":true,"href":"https:\/\/pandelata.com\/en\/wp-json\/wp\/v2\/users\/2"}],"replies":[{"embeddable":true,"href":"https:\/\/pandelata.com\/en\/wp-json\/wp\/v2\/comments?post=374"}],"version-history":[{"count":5,"href":"https:\/\/pandelata.com\/en\/wp-json\/wp\/v2\/pages\/374\/revisions"}],"predecessor-version":[{"id":398,"href":"https:\/\/pandelata.com\/en\/wp-json\/wp\/v2\/pages\/374\/revisions\/398"}],"wp:attachment":[{"href":"https:\/\/pandelata.com\/en\/wp-json\/wp\/v2\/media?parent=374"}],"curies":[{"name":"wp","href":"https:\/\/api.w.org\/{rel}","templated":true}]}}