{"id":892,"date":"2023-10-17T13:17:16","date_gmt":"2023-10-17T12:17:16","guid":{"rendered":"https:\/\/pandelata.com\/?page_id=892"},"modified":"2024-03-14T17:22:38","modified_gmt":"2024-03-14T17:22:38","slug":"merch","status":"publish","type":"page","link":"https:\/\/pandelata.com\/en\/merch\/","title":{"rendered":"Merchandising"},"content":{"rendered":"<div data-elementor-type=\"wp-page\" data-elementor-id=\"892\" class=\"elementor elementor-892\">\n\t\t\t\t\t\t<section class=\"elementor-section elementor-top-section elementor-element elementor-element-b97fad5 elementor-section-boxed elementor-section-height-default elementor-section-height-default\" data-id=\"b97fad5\" data-element_type=\"section\" data-e-type=\"section\">\n\t\t\t\t\t\t<div class=\"elementor-container elementor-column-gap-default\">\n\t\t\t\t\t<div class=\"elementor-column elementor-col-100 elementor-top-column elementor-element elementor-element-f8b8682\" data-id=\"f8b8682\" data-element_type=\"column\" data-e-type=\"column\">\n\t\t\t<div class=\"elementor-widget-wrap elementor-element-populated\">\n\t\t\t\t\t\t<div class=\"elementor-element elementor-element-7c4e2a7 elementor-widget elementor-widget-heading\" data-id=\"7c4e2a7\" data-element_type=\"widget\" data-e-type=\"widget\" data-widget_type=\"heading.default\">\n\t\t\t\t<div class=\"elementor-widget-container\">\n\t\t\t\t\t<h1 class=\"elementor-heading-title elementor-size-default\">Nuestros Dise\u00f1os<\/h1>\t\t\t\t<\/div>\n\t\t\t\t<\/div>\n\t\t\t\t\t<\/div>\n\t\t<\/div>\n\t\t\t\t\t<\/div>\n\t\t<\/section>\n\t\t\t\t<section class=\"elementor-section elementor-top-section elementor-element elementor-element-9532e50 elementor-section-boxed elementor-section-height-default elementor-section-height-default\" data-id=\"9532e50\" data-element_type=\"section\" data-e-type=\"section\">\n\t\t\t\t\t\t<div class=\"elementor-container elementor-column-gap-default\">\n\t\t\t\t\t<div class=\"elementor-column elementor-col-66 elementor-top-column elementor-element elementor-element-71a2365\" data-id=\"71a2365\" data-element_type=\"column\" data-e-type=\"column\">\n\t\t\t<div class=\"elementor-widget-wrap elementor-element-populated\">\n\t\t\t\t\t\t<div class=\"elementor-element elementor-element-3ff595a elementor-widget elementor-widget-image\" data-id=\"3ff595a\" data-element_type=\"widget\" data-e-type=\"widget\" data-widget_type=\"image.default\">\n\t\t\t\t<div class=\"elementor-widget-container\">\n\t\t\t\t\t\t\t\t\t\t\t\t\t\t\t<img fetchpriority=\"high\" decoding=\"async\" width=\"736\" height=\"835\" src=\"https:\/\/i0.wp.com\/pandelata.com\/wp-content\/uploads\/2024\/03\/Abre_Web.png?fit=736%2C835&amp;ssl=1\" class=\"attachment-large size-large wp-image-947\" alt=\"\" srcset=\"https:\/\/i0.wp.com\/pandelata.com\/wp-content\/uploads\/2024\/03\/Abre_Web.png?w=736&amp;ssl=1 736w, https:\/\/i0.wp.com\/pandelata.com\/wp-content\/uploads\/2024\/03\/Abre_Web.png?resize=264%2C300&amp;ssl=1 264w, https:\/\/i0.wp.com\/pandelata.com\/wp-content\/uploads\/2024\/03\/Abre_Web.png?resize=11%2C12&amp;ssl=1 11w, https:\/\/i0.wp.com\/pandelata.com\/wp-content\/uploads\/2024\/03\/Abre_Web.png?resize=600%2C681&amp;ssl=1 600w\" sizes=\"(max-width: 736px) 100vw, 736px\" \/>\t\t\t\t\t\t\t\t\t\t\t\t\t\t\t<\/div>\n\t\t\t\t<\/div>\n\t\t\t\t\t<\/div>\n\t\t<\/div>\n\t\t\t\t<div class=\"elementor-column elementor-col-33 elementor-top-column elementor-element elementor-element-5bb7370\" data-id=\"5bb7370\" data-element_type=\"column\" data-e-type=\"column\">\n\t\t\t<div class=\"elementor-widget-wrap elementor-element-populated\">\n\t\t\t\t\t\t<div class=\"elementor-element elementor-element-3742787 elementor-widget elementor-widget-heading\" data-id=\"3742787\" data-element_type=\"widget\" data-e-type=\"widget\" data-widget_type=\"heading.default\">\n\t\t\t\t<div class=\"elementor-widget-container\">\n\t\t\t\t\t<h1 class=\"elementor-heading-title elementor-size-default\">\u00a1No te quedes<br>sin la tuya!<\/h1>\t\t\t\t<\/div>\n\t\t\t\t<\/div>\n\t\t\t\t<div class=\"elementor-element elementor-element-0331d23 elementor-widget elementor-widget-text-editor\" data-id=\"0331d23\" data-element_type=\"widget\" data-e-type=\"widget\" data-widget_type=\"text-editor.default\">\n\t\t\t\t<div class=\"elementor-widget-container\">\n\t\t\t\t\t\t\t\t\t<p>Nuestro dise\u00f1o &#8220;abrelatas&#8221; cuenta con una etiqueta numerada del 00 al 99. Cada unidad ser\u00e1 \u00fanica e irrepetible.<\/p><p>La familia de Pan DE LATA no hace m\u00e1s que crecer y, por eso, hemos creado una l\u00ednea de merchandising exclusiva para agradecerles y compartir momentos all\u00e1 donde est\u00e9n ustedes.<\/p><p>*<i>Las camisetas deben ser encargadas y abonadas en nuestro local.<\/i><\/p>\t\t\t\t\t\t\t\t<\/div>\n\t\t\t\t<\/div>\n\t\t\t\t\t<\/div>\n\t\t<\/div>\n\t\t\t\t\t<\/div>\n\t\t<\/section>\n\t\t\t\t<section class=\"elementor-section elementor-top-section elementor-element elementor-element-f1edb99 elementor-section-boxed elementor-section-height-default elementor-section-height-default\" data-id=\"f1edb99\" data-element_type=\"section\" data-e-type=\"section\">\n\t\t\t\t\t\t<div class=\"elementor-container elementor-column-gap-default\">\n\t\t\t\t\t<div class=\"elementor-column elementor-col-100 elementor-top-column elementor-element elementor-element-aef0741\" data-id=\"aef0741\" data-element_type=\"column\" data-e-type=\"column\">\n\t\t\t<div class=\"elementor-widget-wrap elementor-element-populated\">\n\t\t\t\t\t\t<div class=\"elementor-element elementor-element-469b196 elementor-widget-divider--separator-type-pattern elementor-widget-divider--view-line elementor-widget elementor-widget-divider\" data-id=\"469b196\" data-element_type=\"widget\" data-e-type=\"widget\" data-widget_type=\"divider.default\">\n\t\t\t\t<div class=\"elementor-widget-container\">\n\t\t\t\t\t\t\t<div class=\"elementor-divider\" style=\"--divider-pattern-url: url(&quot;data:image\/svg+xml,%3Csvg xmlns=&#039;http:\/\/www.w3.org\/2000\/svg&#039; preserveAspectRatio=&#039;none&#039; overflow=&#039;visible&#039; height=&#039;100%&#039; viewBox=&#039;0 0 24 24&#039; fill=&#039;none&#039; stroke=&#039;black&#039; stroke-width=&#039;1&#039; stroke-linecap=&#039;square&#039; stroke-miterlimit=&#039;10&#039;%3E%3Cpath d=&#039;M0,6c6,0,0.9,11.1,6.9,11.1S18,6,24,6&#039;\/%3E%3C\/svg%3E&quot;);\">\n\t\t\t<span class=\"elementor-divider-separator\">\n\t\t\t\t\t\t<\/span>\n\t\t<\/div>\n\t\t\t\t\t\t<\/div>\n\t\t\t\t<\/div>\n\t\t\t\t<div class=\"elementor-element elementor-element-91211d8 elementor-position-left elementor-vertical-align-middle elementor-widget elementor-widget-image-box\" data-id=\"91211d8\" data-element_type=\"widget\" data-e-type=\"widget\" data-widget_type=\"image-box.default\">\n\t\t\t\t<div class=\"elementor-widget-container\">\n\t\t\t\t\t<div class=\"elementor-image-box-wrapper\"><figure class=\"elementor-image-box-img\"><img decoding=\"async\" width=\"736\" height=\"754\" src=\"https:\/\/i0.wp.com\/pandelata.com\/wp-content\/uploads\/2024\/03\/Tallas.png?fit=736%2C754&amp;ssl=1\" class=\"attachment-full size-full wp-image-948\" alt=\"\" srcset=\"https:\/\/i0.wp.com\/pandelata.com\/wp-content\/uploads\/2024\/03\/Tallas.png?w=736&amp;ssl=1 736w, https:\/\/i0.wp.com\/pandelata.com\/wp-content\/uploads\/2024\/03\/Tallas.png?resize=293%2C300&amp;ssl=1 293w, https:\/\/i0.wp.com\/pandelata.com\/wp-content\/uploads\/2024\/03\/Tallas.png?resize=12%2C12&amp;ssl=1 12w, https:\/\/i0.wp.com\/pandelata.com\/wp-content\/uploads\/2024\/03\/Tallas.png?resize=600%2C615&amp;ssl=1 600w\" sizes=\"(max-width: 736px) 100vw, 736px\" \/><\/figure><div class=\"elementor-image-box-content\"><h3 class=\"elementor-image-box-title\"><h1 class=\"elementor-heading-title elementor-size-100px elementor-inline-editing pen\" data-elementor-setting-key=\"title\" data-lt-tmp-id=\"lt-742200\" data-gramm=\"false\" data-pen-placeholder=\"Teclea aqu\u00ed...\" style=\"text-align: left\">Informaci\u00f3n<\/h1><\/h3><p class=\"elementor-image-box-description\"><span>Camiseta 100% algod\u00f3n <br>\nGu\u00eda de tallas:<br>\n<table style=\"width:100%\">\n  <tbody><tr>\n      <th><\/th>\n    <th>XS<\/th>\n    <th>S<\/th>\n    <th>M<\/th>\n    <th>L<\/th>\n    <th>XL<\/th>\n    <th>XXL<\/th>\n    <th>XXXL<\/th>\n    <th>4XL<\/th>\n    <th>5XL<\/th>\n  <\/tr>\n  <tr>\n    <td>Ancho<\/td>\n    <td>48 cm<\/td>\n    <td>51 cm<\/td>\n    <td>53,50 cm<\/td>\n    <td>56 cm<\/td>\n    <td>58 cm<\/td>\n    <td>61 cm<\/td>\n    <td>66 cm<\/td>\n    <td>68 cm<\/td>\n    <td>72 cm<\/td>\n  <\/tr>\n  <tr>\n    <td>Largo<\/td>\n    <td>68 cm<\/td>\n    <td>70 cm<\/td>\n    <td>72 cm<\/td>\n    <td>74 cm<\/td>\n    <td>76 cm<\/td>\n    <td>78 cm<\/td>\n    <td>82 cm<\/td>\n    <td>84 cm<\/td>\n    <td>88 cm<\/td>\n  <\/tr>\n<\/tbody><\/table>\n<\/span><\/p><\/div><\/div>\t\t\t\t<\/div>\n\t\t\t\t<\/div>\n\t\t\t\t\t<\/div>\n\t\t<\/div>\n\t\t\t\t\t<\/div>\n\t\t<\/section>\n\t\t\t\t<section class=\"elementor-section elementor-top-section elementor-element elementor-element-38df92b elementor-section-boxed elementor-section-height-default elementor-section-height-default\" data-id=\"38df92b\" data-element_type=\"section\" data-e-type=\"section\">\n\t\t\t\t\t\t<div class=\"elementor-container elementor-column-gap-default\">\n\t\t\t\t\t<div class=\"elementor-column elementor-col-100 elementor-top-column elementor-element elementor-element-28c97d0\" data-id=\"28c97d0\" data-element_type=\"column\" data-e-type=\"column\">\n\t\t\t<div class=\"elementor-widget-wrap elementor-element-populated\">\n\t\t\t\t\t\t<div class=\"elementor-element elementor-element-a1bfab4 elementor-widget elementor-widget-heading\" data-id=\"a1bfab4\" data-element_type=\"widget\" data-e-type=\"widget\" data-widget_type=\"heading.default\">\n\t\t\t\t<div class=\"elementor-widget-container\">\n\t\t\t\t\t<h1 class=\"elementor-heading-title elementor-size-default\">Redes sociales<\/h1>\t\t\t\t<\/div>\n\t\t\t\t<\/div>\n\t\t\t\t\t<\/div>\n\t\t<\/div>\n\t\t\t\t\t<\/div>\n\t\t<\/section>\n\t\t\t\t<section class=\"elementor-section elementor-top-section elementor-element elementor-element-61db33d elementor-section-boxed elementor-section-height-default elementor-section-height-default\" data-id=\"61db33d\" data-element_type=\"section\" data-e-type=\"section\">\n\t\t\t\t\t\t<div class=\"elementor-container elementor-column-gap-default\">\n\t\t\t\t\t<div class=\"elementor-column elementor-col-50 elementor-top-column elementor-element elementor-element-879a3a8\" data-id=\"879a3a8\" data-element_type=\"column\" data-e-type=\"column\">\n\t\t\t<div class=\"elementor-widget-wrap elementor-element-populated\">\n\t\t\t\t\t\t<div class=\"elementor-element elementor-element-4eefd18 elementor-view-default elementor-widget elementor-widget-icon\" data-id=\"4eefd18\" data-element_type=\"widget\" data-e-type=\"widget\" data-widget_type=\"icon.default\">\n\t\t\t\t<div class=\"elementor-widget-container\">\n\t\t\t\t\t\t\t<div class=\"elementor-icon-wrapper\">\n\t\t\t<a class=\"elementor-icon\" href=\"https:\/\/www.facebook.com\/Pan-de-Lata-1116167541773555\/\">\n\t\t\t<i aria-hidden=\"true\" class=\"fab fa-facebook\"><\/i>\t\t\t<\/a>\n\t\t<\/div>\n\t\t\t\t\t\t<\/div>\n\t\t\t\t<\/div>\n\t\t\t\t\t<\/div>\n\t\t<\/div>\n\t\t\t\t<div class=\"elementor-column elementor-col-50 elementor-top-column elementor-element elementor-element-bd5b68b\" data-id=\"bd5b68b\" data-element_type=\"column\" data-e-type=\"column\">\n\t\t\t<div class=\"elementor-widget-wrap elementor-element-populated\">\n\t\t\t\t\t\t<div class=\"elementor-element elementor-element-731b236 elementor-view-default elementor-widget elementor-widget-icon\" data-id=\"731b236\" data-element_type=\"widget\" data-e-type=\"widget\" data-widget_type=\"icon.default\">\n\t\t\t\t<div class=\"elementor-widget-container\">\n\t\t\t\t\t\t\t<div class=\"elementor-icon-wrapper\">\n\t\t\t<a class=\"elementor-icon\" href=\"https:\/\/www.instagram.com\/pandelata\/\">\n\t\t\t<i aria-hidden=\"true\" class=\"fab fa-instagram\"><\/i>\t\t\t<\/a>\n\t\t<\/div>\n\t\t\t\t\t\t<\/div>\n\t\t\t\t<\/div>\n\t\t\t\t\t<\/div>\n\t\t<\/div>\n\t\t\t\t\t<\/div>\n\t\t<\/section>\n\t\t\t\t<\/div>","protected":false},"excerpt":{"rendered":"<p>Nuestros Dise\u00f1os \u00a1No te quedessin la tuya! Nuestro dise\u00f1o &#8220;abrelatas&#8221; cuenta con una etiqueta numerada del 00 al 99. Cada unidad ser\u00e1 \u00fanica e irrepetible. La familia de Pan DE LATA no hace m\u00e1s que crecer y, por eso, hemos creado una l\u00ednea de merchandising exclusiva para agradecerles y compartir momentos all\u00e1 donde est\u00e9n ustedes. *Las camisetas deben ser encargadas y abonadas en nuestro local. Informaci\u00f3n Camiseta 100% algod\u00f3n Gu\u00eda de tallas: XS S M L XL XXL XXXL 4XL 5XL Ancho 48 cm 51 cm 53,50 cm 56 cm 58 cm 61 cm 66 cm 68 cm 72 cm Largo 68 cm 70 cm 72 cm 74 cm 76 cm 78 cm 82 cm 84 cm 88 cm Redes sociales<\/p>","protected":false},"author":2,"featured_media":456,"parent":0,"menu_order":0,"comment_status":"closed","ping_status":"closed","template":"","meta":{"nf_dc_page":"","_monsterinsights_skip_tracking":false,"_monsterinsights_sitenote_active":false,"_monsterinsights_sitenote_note":"","_monsterinsights_sitenote_category":0,"footnotes":""},"class_list":["post-892","page","type-page","status-publish","has-post-thumbnail"],"yoast_head":"<!-- This site is optimized with the Yoast SEO plugin v27.4 - https:\/\/yoast.com\/product\/yoast-seo-wordpress\/ -->\n<title>Merchandising - Pan DE LATA<\/title>\n<meta name=\"robots\" content=\"index, follow, max-snippet:-1, max-image-preview:large, max-video-preview:-1\" \/>\n<link rel=\"canonical\" href=\"https:\/\/pandelata.com\/en\/merch\/\" \/>\n<meta property=\"og:locale\" content=\"en_GB\" \/>\n<meta property=\"og:type\" content=\"article\" \/>\n<meta property=\"og:title\" content=\"Merchandising - Pan DE LATA\" \/>\n<meta property=\"og:description\" content=\"Nuestros Dise\u00f1os \u00a1No te quedessin la tuya! Nuestro dise\u00f1o &#8220;abrelatas&#8221; cuenta con una etiqueta numerada del 00 al 99. Cada unidad ser\u00e1 \u00fanica e irrepetible. La familia de Pan DE LATA no hace m\u00e1s que crecer y, por eso, hemos creado una l\u00ednea de merchandising exclusiva para agradecerles y compartir momentos all\u00e1 donde est\u00e9n ustedes. *Las camisetas deben ser encargadas y abonadas en nuestro local. Informaci\u00f3n Camiseta 100% algod\u00f3n Gu\u00eda de tallas: XS S M L XL XXL XXXL 4XL 5XL Ancho 48 cm 51 cm 53,50 cm 56 cm 58 cm 61 cm 66 cm 68 cm 72 cm Largo 68 cm 70 cm 72 cm 74 cm 76 cm 78 cm 82 cm 84 cm 88 cm Redes sociales\" \/>\n<meta property=\"og:url\" content=\"https:\/\/pandelata.com\/en\/merch\/\" \/>\n<meta property=\"og:site_name\" content=\"Pan DE LATA\" \/>\n<meta property=\"article:modified_time\" content=\"2024-03-14T17:22:38+00:00\" \/>\n<meta property=\"og:image\" content=\"https:\/\/pandelata.com\/wp-content\/uploads\/2022\/09\/header.png\" \/>\n\t<meta property=\"og:image:width\" content=\"1048\" \/>\n\t<meta property=\"og:image:height\" content=\"250\" \/>\n\t<meta property=\"og:image:type\" content=\"image\/png\" \/>\n<meta name=\"twitter:card\" content=\"summary_large_image\" \/>\n<meta name=\"twitter:label1\" content=\"Estimated reading time\" \/>\n\t<meta name=\"twitter:data1\" content=\"1 minute\" \/>\n<script type=\"application\/ld+json\" class=\"yoast-schema-graph\">{\"@context\":\"https:\\\/\\\/schema.org\",\"@graph\":[{\"@type\":\"WebPage\",\"@id\":\"https:\\\/\\\/pandelata.com\\\/merch\\\/\",\"url\":\"https:\\\/\\\/pandelata.com\\\/merch\\\/\",\"name\":\"Merchandising - Pan DE LATA\",\"isPartOf\":{\"@id\":\"https:\\\/\\\/pandelata.com\\\/#website\"},\"primaryImageOfPage\":{\"@id\":\"https:\\\/\\\/pandelata.com\\\/merch\\\/#primaryimage\"},\"image\":{\"@id\":\"https:\\\/\\\/pandelata.com\\\/merch\\\/#primaryimage\"},\"thumbnailUrl\":\"https:\\\/\\\/i0.wp.com\\\/pandelata.com\\\/wp-content\\\/uploads\\\/2022\\\/09\\\/header.png?fit=1048%2C250&ssl=1\",\"datePublished\":\"2023-10-17T12:17:16+00:00\",\"dateModified\":\"2024-03-14T17:22:38+00:00\",\"breadcrumb\":{\"@id\":\"https:\\\/\\\/pandelata.com\\\/merch\\\/#breadcrumb\"},\"inLanguage\":\"en-GB\",\"potentialAction\":[{\"@type\":\"ReadAction\",\"target\":[\"https:\\\/\\\/pandelata.com\\\/merch\\\/\"]}]},{\"@type\":\"ImageObject\",\"inLanguage\":\"en-GB\",\"@id\":\"https:\\\/\\\/pandelata.com\\\/merch\\\/#primaryimage\",\"url\":\"https:\\\/\\\/i0.wp.com\\\/pandelata.com\\\/wp-content\\\/uploads\\\/2022\\\/09\\\/header.png?fit=1048%2C250&ssl=1\",\"contentUrl\":\"https:\\\/\\\/i0.wp.com\\\/pandelata.com\\\/wp-content\\\/uploads\\\/2022\\\/09\\\/header.png?fit=1048%2C250&ssl=1\",\"width\":1048,\"height\":250,\"caption\":\"Fotograf\u00eda de una de las estanter\u00edas del bar\"},{\"@type\":\"BreadcrumbList\",\"@id\":\"https:\\\/\\\/pandelata.com\\\/merch\\\/#breadcrumb\",\"itemListElement\":[{\"@type\":\"ListItem\",\"position\":1,\"name\":\"Home\",\"item\":\"https:\\\/\\\/pandelata.com\\\/\"},{\"@type\":\"ListItem\",\"position\":2,\"name\":\"Merchandising\"}]},{\"@type\":\"WebSite\",\"@id\":\"https:\\\/\\\/pandelata.com\\\/#website\",\"url\":\"https:\\\/\\\/pandelata.com\\\/\",\"name\":\"Pan DE LATA\",\"description\":\"Bar de latas, conservas, buen ambiente y m\u00fasica\",\"publisher\":{\"@id\":\"https:\\\/\\\/pandelata.com\\\/#organization\"},\"potentialAction\":[{\"@type\":\"SearchAction\",\"target\":{\"@type\":\"EntryPoint\",\"urlTemplate\":\"https:\\\/\\\/pandelata.com\\\/?s={search_term_string}\"},\"query-input\":{\"@type\":\"PropertyValueSpecification\",\"valueRequired\":true,\"valueName\":\"search_term_string\"}}],\"inLanguage\":\"en-GB\"},{\"@type\":\"Organization\",\"@id\":\"https:\\\/\\\/pandelata.com\\\/#organization\",\"name\":\"Pan DE LATA\",\"url\":\"https:\\\/\\\/pandelata.com\\\/\",\"logo\":{\"@type\":\"ImageObject\",\"inLanguage\":\"en-GB\",\"@id\":\"https:\\\/\\\/pandelata.com\\\/#\\\/schema\\\/logo\\\/image\\\/\",\"url\":\"https:\\\/\\\/i0.wp.com\\\/pandelata.com\\\/wp-content\\\/uploads\\\/2022\\\/01\\\/Pan-de-lata.png?fit=3543%2C3543&ssl=1\",\"contentUrl\":\"https:\\\/\\\/i0.wp.com\\\/pandelata.com\\\/wp-content\\\/uploads\\\/2022\\\/01\\\/Pan-de-lata.png?fit=3543%2C3543&ssl=1\",\"width\":3543,\"height\":3543,\"caption\":\"Pan DE LATA\"},\"image\":{\"@id\":\"https:\\\/\\\/pandelata.com\\\/#\\\/schema\\\/logo\\\/image\\\/\"}}]}<\/script>\n<!-- \/ Yoast SEO plugin. -->","yoast_head_json":{"title":"Merchandising - Pan DE LATA","robots":{"index":"index","follow":"follow","max-snippet":"max-snippet:-1","max-image-preview":"max-image-preview:large","max-video-preview":"max-video-preview:-1"},"canonical":"https:\/\/pandelata.com\/en\/merch\/","og_locale":"en_GB","og_type":"article","og_title":"Merchandising - Pan DE LATA","og_description":"Nuestros Dise\u00f1os \u00a1No te quedessin la tuya! Nuestro dise\u00f1o &#8220;abrelatas&#8221; cuenta con una etiqueta numerada del 00 al 99. Cada unidad ser\u00e1 \u00fanica e irrepetible. La familia de Pan DE LATA no hace m\u00e1s que crecer y, por eso, hemos creado una l\u00ednea de merchandising exclusiva para agradecerles y compartir momentos all\u00e1 donde est\u00e9n ustedes. *Las camisetas deben ser encargadas y abonadas en nuestro local. Informaci\u00f3n Camiseta 100% algod\u00f3n Gu\u00eda de tallas: XS S M L XL XXL XXXL 4XL 5XL Ancho 48 cm 51 cm 53,50 cm 56 cm 58 cm 61 cm 66 cm 68 cm 72 cm Largo 68 cm 70 cm 72 cm 74 cm 76 cm 78 cm 82 cm 84 cm 88 cm Redes sociales","og_url":"https:\/\/pandelata.com\/en\/merch\/","og_site_name":"Pan DE LATA","article_modified_time":"2024-03-14T17:22:38+00:00","og_image":[{"width":1048,"height":250,"url":"https:\/\/pandelata.com\/wp-content\/uploads\/2022\/09\/header.png","type":"image\/png"}],"twitter_card":"summary_large_image","twitter_misc":{"Estimated reading time":"1 minute"},"schema":{"@context":"https:\/\/schema.org","@graph":[{"@type":"WebPage","@id":"https:\/\/pandelata.com\/merch\/","url":"https:\/\/pandelata.com\/merch\/","name":"Merchandising - Pan DE LATA","isPartOf":{"@id":"https:\/\/pandelata.com\/#website"},"primaryImageOfPage":{"@id":"https:\/\/pandelata.com\/merch\/#primaryimage"},"image":{"@id":"https:\/\/pandelata.com\/merch\/#primaryimage"},"thumbnailUrl":"https:\/\/i0.wp.com\/pandelata.com\/wp-content\/uploads\/2022\/09\/header.png?fit=1048%2C250&ssl=1","datePublished":"2023-10-17T12:17:16+00:00","dateModified":"2024-03-14T17:22:38+00:00","breadcrumb":{"@id":"https:\/\/pandelata.com\/merch\/#breadcrumb"},"inLanguage":"en-GB","potentialAction":[{"@type":"ReadAction","target":["https:\/\/pandelata.com\/merch\/"]}]},{"@type":"ImageObject","inLanguage":"en-GB","@id":"https:\/\/pandelata.com\/merch\/#primaryimage","url":"https:\/\/i0.wp.com\/pandelata.com\/wp-content\/uploads\/2022\/09\/header.png?fit=1048%2C250&ssl=1","contentUrl":"https:\/\/i0.wp.com\/pandelata.com\/wp-content\/uploads\/2022\/09\/header.png?fit=1048%2C250&ssl=1","width":1048,"height":250,"caption":"Fotograf\u00eda de una de las estanter\u00edas del bar"},{"@type":"BreadcrumbList","@id":"https:\/\/pandelata.com\/merch\/#breadcrumb","itemListElement":[{"@type":"ListItem","position":1,"name":"Home","item":"https:\/\/pandelata.com\/"},{"@type":"ListItem","position":2,"name":"Merchandising"}]},{"@type":"WebSite","@id":"https:\/\/pandelata.com\/#website","url":"https:\/\/pandelata.com\/","name":"Pan DE LATA","description":"Bar de latas, conservas, buen ambiente y m\u00fasica","publisher":{"@id":"https:\/\/pandelata.com\/#organization"},"potentialAction":[{"@type":"SearchAction","target":{"@type":"EntryPoint","urlTemplate":"https:\/\/pandelata.com\/?s={search_term_string}"},"query-input":{"@type":"PropertyValueSpecification","valueRequired":true,"valueName":"search_term_string"}}],"inLanguage":"en-GB"},{"@type":"Organization","@id":"https:\/\/pandelata.com\/#organization","name":"Pan DE LATA","url":"https:\/\/pandelata.com\/","logo":{"@type":"ImageObject","inLanguage":"en-GB","@id":"https:\/\/pandelata.com\/#\/schema\/logo\/image\/","url":"https:\/\/i0.wp.com\/pandelata.com\/wp-content\/uploads\/2022\/01\/Pan-de-lata.png?fit=3543%2C3543&ssl=1","contentUrl":"https:\/\/i0.wp.com\/pandelata.com\/wp-content\/uploads\/2022\/01\/Pan-de-lata.png?fit=3543%2C3543&ssl=1","width":3543,"height":3543,"caption":"Pan DE LATA"},"image":{"@id":"https:\/\/pandelata.com\/#\/schema\/logo\/image\/"}}]}},"jetpack_sharing_enabled":true,"_links":{"self":[{"href":"https:\/\/pandelata.com\/en\/wp-json\/wp\/v2\/pages\/892","targetHints":{"allow":["GET"]}}],"collection":[{"href":"https:\/\/pandelata.com\/en\/wp-json\/wp\/v2\/pages"}],"about":[{"href":"https:\/\/pandelata.com\/en\/wp-json\/wp\/v2\/types\/page"}],"author":[{"embeddable":true,"href":"https:\/\/pandelata.com\/en\/wp-json\/wp\/v2\/users\/2"}],"replies":[{"embeddable":true,"href":"https:\/\/pandelata.com\/en\/wp-json\/wp\/v2\/comments?post=892"}],"version-history":[{"count":5,"href":"https:\/\/pandelata.com\/en\/wp-json\/wp\/v2\/pages\/892\/revisions"}],"predecessor-version":[{"id":984,"href":"https:\/\/pandelata.com\/en\/wp-json\/wp\/v2\/pages\/892\/revisions\/984"}],"wp:featuredmedia":[{"embeddable":true,"href":"https:\/\/pandelata.com\/en\/wp-json\/wp\/v2\/media\/456"}],"wp:attachment":[{"href":"https:\/\/pandelata.com\/en\/wp-json\/wp\/v2\/media?parent=892"}],"curies":[{"name":"wp","href":"https:\/\/api.w.org\/{rel}","templated":true}]}}